{"id":566,"date":"2019-06-12T02:28:05","date_gmt":"2019-06-12T00:28:05","guid":{"rendered":"https:\/\/www.platanenpower.de\/?page_id=566"},"modified":"2021-05-17T21:31:19","modified_gmt":"2021-05-17T19:31:19","slug":"4tel-links","status":"publish","type":"page","link":"https:\/\/www.platanenpower.de\/index.php\/4tel-links\/","title":{"rendered":"4tel-Links"},"content":{"rendered":"<p><!--StartFragment--><\/p>\n\n\n<p><a href=\"http:\/\/www.bennohaus.de\">Bennohaus<\/a><\/p>\n\n\n\n<p><a href=\"http:\/\/www.b-side.ms\">BSide<\/a><\/p>\n\n\n\n<p><a href=\"http:\/\/www.derkleinebuehnenboden.de\">Der kleine B\u00fchnenboden<\/a><\/p>\n\n\n\n<p><a href=\"http:\/\/www.plan-b-ms.de\">Plan B<\/a><\/p>\n\n\n\n<p><a href=\"https:\/\/hansaforum-muenster.de\/\">Hansaforum<\/a><\/p>\n\n\n\n<p><strong><em>weitere Links<\/em><\/strong><\/p>\n\n\n\n<p><a href=\"httpS:\/\/msgua.de\/\">M\u00fcnster geh\u00f6rt uns allen<\/a><\/p>\n\n\n\n<p><a href=\"https:\/\/cuppatea.de\/\">Cuppatea<\/a><\/p>\n\n\n\n<p><a href=\"http:\/\/www.legmieter.de\">LEG-Mieter*innen-Initiative<\/a> <\/p>\n\n\n\n<p><a href=\"https:\/\/ms-alternativ.de\/\">M\u00fcnster Alternativ<\/a> <\/p>\n\n\n\n<p><a href=\"https:\/\/www.fff-muenster.de\">FridaysForFuture<\/a><\/p>\n\n\n\n<p><a href=\"https:\/\/www.zukunfthafen-ms.de\/\">https:\/\/www.zukunfthafen-ms.de\/<\/a><\/p>\n\n\n\n<p><strong><em>journalistische Angebote aus M\u00fcnster jenseits des Mainstreams:<\/em><\/strong><\/p>\n\n\n\n<p><a href=\"http:\/\/ostviertel.ms\">OSTVIERTEL.MS &#8211; Stadtteilmagazin aus M\u00fcnsters Osten<\/a><\/p>\n\n\n\n<p><a href=\"http:\/\/wiedertaeufer.ms\">Die Wiedert\u00e4ufer &#8211; Das Blog f\u00fcr M\u00fcnster<\/a><\/p>\n\n\n\n<p><a href=\"https:\/\/www.sperre-online.de\/\">Sperre &#8211; Portal f\u00fcr Arbeit, Soziales und Kultur<\/a><\/p>\n\n\n<p><!--EndFragment--><\/p>\n\n\n<p><\/p>\n","protected":false},"excerpt":{"rendered":"<p>Bennohaus BSide Der kleine B\u00fchnenboden Plan B Hansaforum weitere Links M\u00fcnster geh\u00f6rt uns allen Cuppatea LEG-Mieter*innen-Initiative M\u00fcnster Alternativ FridaysForFuture https:\/\/www.zukunfthafen-ms.de\/ journalistische Angebote aus M\u00fcnster jenseits des Mainstreams: OSTVIERTEL.MS &#8211; Stadtteilmagazin aus M\u00fcnsters Osten Die Wiedert\u00e4ufer &#8211; Das Blog f\u00fcr M\u00fcnster Sperre &#8211; Portal f\u00fcr Arbeit, Soziales und Kultur<\/p>\n","protected":false},"author":13,"featured_media":0,"parent":0,"menu_order":0,"comment_status":"closed","ping_status":"closed","template":"","meta":{"ngg_post_thumbnail":0,"footnotes":""},"class_list":["post-566","page","type-page","status-publish","hentry"],"_links":{"self":[{"href":"https:\/\/www.platanenpower.de\/index.php\/wp-json\/wp\/v2\/pages\/566","targetHints":{"allow":["GET"]}}],"collection":[{"href":"https:\/\/www.platanenpower.de\/index.php\/wp-json\/wp\/v2\/pages"}],"about":[{"href":"https:\/\/www.platanenpower.de\/index.php\/wp-json\/wp\/v2\/types\/page"}],"author":[{"embeddable":true,"href":"https:\/\/www.platanenpower.de\/index.php\/wp-json\/wp\/v2\/users\/13"}],"replies":[{"embeddable":true,"href":"https:\/\/www.platanenpower.de\/index.php\/wp-json\/wp\/v2\/comments?post=566"}],"version-history":[{"count":0,"href":"https:\/\/www.platanenpower.de\/index.php\/wp-json\/wp\/v2\/pages\/566\/revisions"}],"wp:attachment":[{"href":"https:\/\/www.platanenpower.de\/index.php\/wp-json\/wp\/v2\/media?parent=566"}],"curies":[{"name":"wp","href":"https:\/\/api.w.org\/{rel}","templated":true}]}}