{"id":399,"date":"2018-05-26T00:02:03","date_gmt":"2018-05-25T22:02:03","guid":{"rendered":"http:\/\/www.platanenpower.de\/?page_id=399"},"modified":"2023-08-07T00:03:15","modified_gmt":"2023-08-06T22:03:15","slug":"nachbarschaftsfest-auf-dem-hansaplatz","status":"publish","type":"page","link":"https:\/\/www.platanenpower.de\/index.php\/nachbarschaftsfest-auf-dem-hansaplatz\/","title":{"rendered":"Rund um den Hansaplatz&#8230;"},"content":{"rendered":"<p>&nbsp;<\/p>\n<p><img loading=\"lazy\" decoding=\"async\" class=\"alignnone size-medium wp-image-964\" src=\"https:\/\/www.platanenpower.de\/wp-content\/uploads\/2023\/08\/Hansaplatz-300x187.png\" alt=\"\" width=\"1200\" height=\"748\" srcset=\"https:\/\/www.platanenpower.de\/wp-content\/uploads\/2023\/08\/Hansaplatz-300x187.png 300w, https:\/\/www.platanenpower.de\/wp-content\/uploads\/2023\/08\/Hansaplatz-1024x637.png 1024w, https:\/\/www.platanenpower.de\/wp-content\/uploads\/2023\/08\/Hansaplatz-768x478.png 768w\" sizes=\"auto, (max-width: 1200px) 100vw, 1200px\" \/><\/p>\n<p>&nbsp;<\/p>\n<script type=\"text\/javascript\"> jQuery(document).ready(function() { jQuery(\"#ffs-tabbed-1\").easyResponsiveTabs({     type: \t\"accordion\",     width:  \"100%\",     fit: \t false}); var cont_width = jQuery(\"#ffs-tabbed-1.resp-vtabs\").outerWidth() - jQuery(\"#ffs-tabbed-1.resp-vtabs .resp-tabs-list\").outerWidth() - 3;jQuery(\"#ffs-tabbed-1.resp-vtabs .resp-tabs-container\").css({\"width\":cont_width});}); <\/script><style type=\"text\/css\">\n#ffs-tabbed-1 li.resp-tab-active,\n#ffs-tabbed-1.resp-tabs-list li:hover{border-top-color:#71AFFF; border-bottom-color:#71AFFF;}\n#ffs-tabbed-1.resp-vtabs li.resp-tab-active,\n#ffs-tabbed-1.resp-vtabs .resp-tabs-list li:hover{border-left-color:#71AFFF; border-top-color:#C1C1C1; border-right-color:#71AFFF;  border-bottom-color:#C1C1C1;}\n#ffs-tabbed-1.ffs-tabbed-nav h2.resp-accordion.resp-tab-active {background:none repeat scroll 0 0 #71AFFF !important;}\n<\/style><div id=\"ffs-tabbed-1\" class=\"ffs-tabbed-nav\"><ul class=\"resp-tabs-list\" data-closed=\"closed\"><li>Wer oder was sind Platanenpower?<\/li><li>Was hat es mit den Platanen auf sich?<\/li><li>Wie kann ich mich engagieren?<\/li><li>Wie bleibe ich auf dem laufenden?<\/li><\/ul><div class=\"resp-tabs-container\">\n<div class=\"fruitful_tab tab-wer-oder-was-sind-platanenpower\"> Eine Nachbarschaftsinitiative und Baumfreunde aus dem Gro\u00dfraum vom Hansaviertel. Im Protest f\u00fcr den Erhalt der Platanen am Hansaring hat sich eine Gruppe gefunden, welche nicht mehr nur zuschauen m\u00f6chte und sich f\u00fcr das Leben einsetzt. B\u00e4ume sind Leben. Leider wurden unsere Argumente nicht geh\u00f6rt, sodass wir nun intensiver dem Wirken von Stadt und Stadtwerken Aufmerksamkeit schenken. So engagieren wir uns auch f\u00fcr den Baumbestand vom Hohenzollernring, Kaiser-Wilhelm-Ring bis zur Ostmarkstra\u00dfe.<\/p>\n<p><img loading=\"lazy\" decoding=\"async\" class=\"size-medium wp-image-351 aligncenter\" src=\"https:\/\/www.platanenpower.de\/wp-content\/uploads\/2018\/05\/7441525176887285466986320-300x225.jpg\" alt=\"\" width=\"300\" height=\"225\" srcset=\"https:\/\/www.platanenpower.de\/wp-content\/uploads\/2018\/05\/7441525176887285466986320-300x225.jpg 300w, https:\/\/www.platanenpower.de\/wp-content\/uploads\/2018\/05\/7441525176887285466986320-768x576.jpg 768w, https:\/\/www.platanenpower.de\/wp-content\/uploads\/2018\/05\/7441525176887285466986320.jpg 1024w\" sizes=\"auto, (max-width: 300px) 100vw, 300px\" \/><\/p>\n\n<p>Des weiteren machen wir uns Gedanken \u00fcber die generelle Situation im Hansaviertel. Wie kann die Verkehrssituation verbessert werden? Was hat es mit dem E-Center auf sich und was passiert auf dem alten Osmogel\u00e4nde? Wird es in Zukunft noch bezahlbaren Wohnraum im Hansaviertel geben?<\/p>\n<p>Was bisher geschah? Schau auf unserem Baumlog vorbei!\n<\/div>\n<div class=\"fruitful_tab tab-was-hat-es-mit-den-platanen-auf-sich\"> In der Mythologie sind Platanen W\u00e4chter. Wir w\u00fcnschen uns das dieser Weckruf nicht wirkungslos verhallt. <\/div>\n<div class=\"fruitful_tab tab-wie-kann-ich-mich-engagieren\"> Wenn du mit uns Wege zur Mitbestimmung suchen und finden m\u00f6chtest? Dich kreativ und gewaltlos f\u00fcr ein lebenswertes M\u00fcnster einsetzen m\u00f6chtest? Dann schaue mittwochs 19:30 Uhr im Plan-B bei unserem Plenum vorbei(Achtung, nur jeden 2. Mittwoch. Frag kurz nach wann das n\u00e4chste Treffen ist). <\/div>\n<div class=\"fruitful_tab tab-wie-bleibe-ich-auf-dem-laufenden\"> Besuche unsere Facebookgruppe &#8218;platanenpower&#8216; oder schaue in unseren Veranstaltungskalender.<\/p>\n<p><\/div>\n<\/div><\/div><div class=\"clearfix\"><\/div>\n","protected":false},"excerpt":{"rendered":"<p>&nbsp; &nbsp;<\/p>\n","protected":false},"author":13,"featured_media":0,"parent":0,"menu_order":0,"comment_status":"closed","ping_status":"closed","template":"","meta":{"ngg_post_thumbnail":0,"footnotes":""},"class_list":["post-399","page","type-page","status-publish","hentry"],"_links":{"self":[{"href":"https:\/\/www.platanenpower.de\/index.php\/wp-json\/wp\/v2\/pages\/399","targetHints":{"allow":["GET"]}}],"collection":[{"href":"https:\/\/www.platanenpower.de\/index.php\/wp-json\/wp\/v2\/pages"}],"about":[{"href":"https:\/\/www.platanenpower.de\/index.php\/wp-json\/wp\/v2\/types\/page"}],"author":[{"embeddable":true,"href":"https:\/\/www.platanenpower.de\/index.php\/wp-json\/wp\/v2\/users\/13"}],"replies":[{"embeddable":true,"href":"https:\/\/www.platanenpower.de\/index.php\/wp-json\/wp\/v2\/comments?post=399"}],"version-history":[{"count":0,"href":"https:\/\/www.platanenpower.de\/index.php\/wp-json\/wp\/v2\/pages\/399\/revisions"}],"wp:attachment":[{"href":"https:\/\/www.platanenpower.de\/index.php\/wp-json\/wp\/v2\/media?parent=399"}],"curies":[{"name":"wp","href":"https:\/\/api.w.org\/{rel}","templated":true}]}}